{"id":2425,"date":"2023-10-29T15:03:10","date_gmt":"2023-10-29T15:03:10","guid":{"rendered":"https:\/\/bauchbewohner.ch\/?page_id=2425"},"modified":"2024-06-11T19:04:35","modified_gmt":"2024-06-11T19:04:35","slug":"angebot","status":"publish","type":"page","link":"https:\/\/bauchbewohner.ch\/index.php\/angebot\/","title":{"rendered":"Angebot"},"content":{"rendered":"<p><div class=\"fusion-fullwidth fullwidth-box fusion-builder-row-1 fusion-flex-container nonhundred-percent-fullwidth non-hundred-percent-height-scrolling fusion-animated\" style=\"--awb-border-color:#e8efef;--awb-border-radius-top-left:6px;--awb-border-radius-top-right:6px;--awb-border-radius-bottom-right:6px;--awb-border-radius-bottom-left:6px;--awb-overflow:hidden;--awb-padding-top:0px;--awb-padding-right:60px;--awb-padding-bottom:30px;--awb-padding-left:60px;--awb-margin-top:0px;--awb-margin-bottom:0px;--awb-flex-wrap:wrap;\" data-animationType=\"fadeInLeft\" data-animationDuration=\"1.0\" data-animationOffset=\"top-into-view\" ><div class=\"fusion-builder-row fusion-row fusion-flex-align-items-stretch fusion-flex-justify-content-center fusion-flex-content-wrap\" style=\"max-width:1365px;margin-left: calc(-5% \/ 2 );margin-right: calc(-5% \/ 2 );\"><div class=\"fusion-layout-column fusion_builder_column fusion-builder-column-0 fusion_builder_column_2_5 2_5 fusion-flex-column fusion-no-small-visibility\" style=\"--awb-overflow:hidden;--awb-bg-image:url(&#039;https:\/\/bauchbewohner.ch\/wp-content\/uploads\/2024\/03\/18-08-Graviditas-II-002-1-scaled.jpg&#039;);--awb-bg-position:center center;--awb-bg-size:cover;--awb-border-radius:6px 6px 6px 6px;--awb-width-large:40%;--awb-margin-top-large:0px;--awb-spacing-right-large:4.75%;--awb-margin-bottom-large:0px;--awb-spacing-left-large:0;--awb-width-medium:40%;--awb-order-medium:0;--awb-spacing-right-medium:4.75%;--awb-spacing-left-medium:0;--awb-width-small:16.666666666667%;--awb-order-small:0;--awb-spacing-right-small:11.4%;--awb-margin-bottom-small:6vw;--awb-spacing-left-small:0;\"><div class=\"fusion-column-wrapper fusion-column-has-shadow fusion-flex-justify-content-flex-start fusion-content-layout-column fusion-empty-column-bg-image fusion-column-has-bg-image\" data-bg-url=\"https:\/\/bauchbewohner.ch\/wp-content\/uploads\/2024\/03\/18-08-Graviditas-II-002-1-scaled.jpg\"><img decoding=\"async\" class=\"fusion-empty-dims-img-placeholder fusion-no-large-visibility fusion-no-medium-visibility\" src=\"data:image\/svg+xml,%3Csvg%20xmlns%3D%27http%3A%2F%2Fwww.w3.org%2F2000%2Fsvg%27%20width%3D%271707%27%20height%3D%272560%27%20viewBox%3D%270%200%201707%202560%27%3E%3Crect%20width%3D%271707%27%20height%3D%272560%27%20fill-opacity%3D%220%22%2F%3E%3C%2Fsvg%3E\"><\/div><\/div><div class=\"fusion-layout-column fusion_builder_column fusion-builder-column-1 fusion_builder_column_3_5 3_5 fusion-flex-column smartphone\" style=\"--awb-padding-top:5vh;--awb-padding-right:5vh;--awb-padding-bottom:5vh;--awb-padding-left:5vh;--awb-padding-top-medium:8vw;--awb-padding-bottom-medium:8vw;--awb-padding-top-small:7vh;--awb-padding-right-small:7vw;--awb-padding-bottom-small:7vh;--awb-padding-left-small:7vw;--awb-overflow:hidden;--awb-bg-color:var(--awb-custom10);--awb-bg-color-hover:var(--awb-custom10);--awb-bg-size:cover;--awb-border-radius:6px 6px 6px 6px;--awb-width-large:60%;--awb-margin-top-large:0px;--awb-spacing-right-large:0;--awb-margin-bottom-large:0px;--awb-spacing-left-large:0;--awb-width-medium:60%;--awb-order-medium:0;--awb-spacing-right-medium:0;--awb-spacing-left-medium:0;--awb-width-small:83.333333333333%;--awb-order-small:0;--awb-spacing-right-small:0;--awb-margin-bottom-small:6vw;--awb-spacing-left-small:0;\"><div class=\"fusion-column-wrapper fusion-column-has-shadow fusion-flex-justify-content-flex-start fusion-content-layout-column\"><div class=\"fusion-menu-anchor\" id=\"Schwangerschaft\"><\/div><div class=\"fusion-title title fusion-title-1 fusion-sep-none fusion-title-text fusion-title-size-two\" style=\"--awb-text-color:#ffffff;--awb-margin-bottom:20px;\"><h2 class=\"fusion-title-heading title-heading-left\" style=\"margin:0;\"><h2><strong>Begleitung in der Schwangerschaft<\/strong><\/h2><\/h2><\/div><div class=\"fusion-text fusion-text-1\" style=\"--awb-content-alignment:left;--awb-font-size:17px;--awb-text-color:#ffffff;\"><p><span style=\"font-size: 20px; line-height: 30px; font-family: Dosis; font-weight: 400;\" data-fusion-font=\"true\" data-fusion-google-font=\"Dosis\" data-fusion-google-variant=\"400\">Das Erleben einer Schwangerschaft ist unterschiedlich und wirft meist viele neue Fragen auf. In dieser Zeit stehe ich beratend zur Seite und bereite gerne auf die bevorstehende Geburt sowie die Wochenbettzeit vor. <\/span><\/p>\n<p style=\"font-size: 20px; line-height: 30px; font-family: Dosis; font-weight: 400;\" data-fusion-font=\"true\" data-fusion-google-font=\"Dosis\" data-fusion-google-variant=\"400\">Vorgeburtliche Angebote:<\/p>\n<ul>\n<li><span style=\"font-size: 20px; line-height: 30px; font-family: Dosis; font-weight: 400;\" data-fusion-font=\"true\" data-fusion-google-font=\"Dosis\" data-fusion-google-variant=\"400\">Beratungsgespr\u00e4ch<\/span><\/li>\n<li><span style=\"font-family: var(--body_typography-font-family); font-style: var(--body_typography-font-style,normal); letter-spacing: var(--body_typography-letter-spacing);\"><span style=\"font-size: 20px; line-height: 30px; font-family: Dosis; font-weight: 400;\" data-fusion-font=\"true\" data-fusion-google-font=\"Dosis\" data-fusion-google-variant=\"400\">Geburtsvorbereitung privat<\/span><\/span><\/li>\n<li><span style=\"; font-family: Dosis; letter-spacing: var(--body_typography-letter-spacing); font-size: 20px; line-height: 30px; font-weight: 400;\" data-fusion-font=\"true\" data-fusion-google-font=\"Dosis\" data-fusion-google-variant=\"400\">Schwangerschaftskontrollen erg\u00e4nzend zu den gyn\u00e4kologischen <\/span><span style=\"font-family: Dosis; letter-spacing: var(--body_typography-letter-spacing); ; font-size: 20px; line-height: 30px; font-weight: 400;\" data-fusion-font=\"true\" data-fusion-google-font=\"Dosis\" data-fusion-google-variant=\"400\">Untersuchungen<\/span><\/li>\n<li><span style=\"font-size: 20px; line-height: 30px; font-family: Dosis; font-weight: 400;\" data-fusion-font=\"true\" data-fusion-google-font=\"Dosis\" data-fusion-google-variant=\"400\">Stillvorbereitung<\/span><\/li>\n<\/ul>\n<p style=\"font-size: 20px; line-height: 30px; font-family: Dosis; font-weight: 400;\" data-fusion-font=\"true\" data-fusion-google-font=\"Dosis\" data-fusion-google-variant=\"400\">Die Grundversicherung zahlt in der Regel pro Schwangerschaft 150.- an einen Geburtsvorbereitungskurs oder an ein vorgeburtliches Beratungsgespr\u00e4ch durch eine Hebamme. Je nach Zusatzversicherung und Krankenkasse kann der Beitrag auch variieren.<\/p>\n<\/div><\/div><\/div><\/div><\/div><div class=\"fusion-fullwidth fullwidth-box fusion-builder-row-2 fusion-flex-container nonhundred-percent-fullwidth non-hundred-percent-height-scrolling fusion-animated\" style=\"--awb-border-color:#e8efef;--awb-border-radius-top-left:0px;--awb-border-radius-top-right:0px;--awb-border-radius-bottom-right:0px;--awb-border-radius-bottom-left:0px;--awb-padding-top:0px;--awb-padding-right:60px;--awb-padding-bottom:30px;--awb-padding-left:60px;--awb-margin-top:0px;--awb-margin-bottom:0px;--awb-flex-wrap:wrap;\" data-animationType=\"fadeInRight\" data-animationDuration=\"1.0\" data-animationOffset=\"top-into-view\" ><div class=\"fusion-builder-row fusion-row fusion-flex-align-items-stretch fusion-flex-justify-content-center fusion-flex-content-wrap\" style=\"max-width:1365px;margin-left: calc(-5% \/ 2 );margin-right: calc(-5% \/ 2 );\"><div class=\"fusion-layout-column fusion_builder_column fusion-builder-column-2 fusion_builder_column_3_5 3_5 fusion-flex-column\" style=\"--awb-padding-top:5vh;--awb-padding-right:5vh;--awb-padding-bottom:5vh;--awb-padding-left:5vh;--awb-padding-top-medium:8vw;--awb-padding-bottom-medium:8vw;--awb-padding-top-small:7vh;--awb-padding-right-small:7vw;--awb-padding-bottom-small:7vh;--awb-padding-left-small:7vw;--awb-overflow:hidden;--awb-bg-color:var(--awb-custom_color_4);--awb-bg-color-hover:var(--awb-custom_color_4);--awb-bg-size:cover;--awb-border-radius:6px 6px 6px 6px;--awb-width-large:60%;--awb-margin-top-large:0px;--awb-spacing-right-large:0;--awb-margin-bottom-large:0px;--awb-spacing-left-large:0;--awb-width-medium:60%;--awb-order-medium:0;--awb-spacing-right-medium:0;--awb-spacing-left-medium:0;--awb-width-small:83.333333333333%;--awb-order-small:0;--awb-spacing-right-small:0;--awb-margin-bottom-small:6vw;--awb-spacing-left-small:0;\"><div class=\"fusion-column-wrapper fusion-column-has-shadow fusion-flex-justify-content-flex-start fusion-content-layout-column\"><div class=\"fusion-menu-anchor\" id=\"Wochenbett\"><\/div><div class=\"fusion-title title fusion-title-2 fusion-sep-none fusion-title-text fusion-title-size-two\" style=\"--awb-text-color:#ffffff;--awb-margin-bottom:20px;\"><h2 class=\"fusion-title-heading title-heading-left\" style=\"margin:0;\"><h2><strong>Wochenbettbetreuung<\/strong><\/h2><\/h2><\/div><div class=\"fusion-text fusion-text-2\" style=\"--awb-content-alignment:left;--awb-font-size:17px;--awb-text-color:#ffffff;\"><p style=\"font-size: 20px; font-family: Dosis; font-weight: 400;\" data-fusion-font=\"true\" data-fusion-google-font=\"Dosis\" data-fusion-google-variant=\"400\">Die Zeit nach der Geburt ist sehr intensiv und wird oft untersch\u00e4tzt. Die Umstellung der Hormone, die Rollenfindung als Eltern, das Umsorgen des Babys sowie das Wiederfinden eines Alltags sind grosse Herausforderungen. Mit Interesse an jedem Individuum, vielseitigem Fachwissen und Erfahrung begleite ich Familien in dieser Lebensphase.<\/p>\n<p style=\"font-size: 20px; font-family: Dosis; font-weight: 400;\" data-fusion-font=\"true\" data-fusion-google-font=\"Dosis\" data-fusion-google-variant=\"400\">Neben den k\u00f6rperlichen Kontrollen bei Mutter und Kind stehe ich f\u00fcr alle Fragen, die gerade besch\u00e4ftigen, zur Verf\u00fcgung.<\/p>\n<p style=\"font-size: 20px; font-family: Dosis; font-weight: 400;\" data-fusion-font=\"true\" data-fusion-google-font=\"Dosis\" data-fusion-google-variant=\"400\">Als ausgebildete Stillberaterin IBCLC und Fachkraft f\u00fcr Formula ern\u00e4hrte S\u00e4uglinge bin ich motiviert, das Stillen beratend zu begleiten und zu f\u00f6rdern, wo es erw\u00fcnscht ist. Anderen Entscheidungen gegen\u00fcber bin ich stets offen.<\/p>\n<p><span style=\"background-color: var(--awb-custom_color_4); font-family: Dosis; letter-spacing: var(--body_typography-letter-spacing); font-size: 20px; font-weight: 400;\" data-fusion-font=\"true\" data-fusion-google-font=\"Dosis\" data-fusion-google-variant=\"400\">Angebot:<\/span><\/p>\n<ul>\n<li><span style=\"background-color: var(--awb-custom_color_4); font-family: Dosis; letter-spacing: var(--body_typography-letter-spacing); font-size: 20px; font-weight: 400; color: #ffffff;\" data-fusion-font=\"true\" data-fusion-google-font=\"Dosis\" data-fusion-google-variant=\"400\">Wochenbettbetreuung<\/span><\/li>\n<li><span style=\"font-size: 20px; font-family: Dosis; font-weight: 400;\" data-fusion-font=\"true\" data-fusion-google-font=\"Dosis\" data-fusion-google-variant=\"400\">Stillberatung w\u00e4hrend der Wochenbettzeit<\/span><\/li>\n<\/ul>\n<p style=\"font-size: 20px; font-family: Dosis; font-weight: 400;\" data-fusion-font=\"true\" data-fusion-google-font=\"Dosis\" data-fusion-google-variant=\"400\">Aus der Grundversicherung werden bei Erstgeb\u00e4renden, sowie Frauen mit definierten Risiken (Zwillinge, Kaiserschnitt,&#8230;) innerhalb der ersten 56 Tage 16 Besuche \u00fcbernommen. Bei Mehrgeb\u00e4renden ohne &#8222;Zusatzkriterien&#8220; sind es nur noch 10 Besuche innerhalb desselben Zeitraums.<\/p>\n<\/div><\/div><\/div><div class=\"fusion-layout-column fusion_builder_column fusion-builder-column-3 fusion_builder_column_2_5 2_5 fusion-flex-column fusion-no-small-visibility\" style=\"--awb-overflow:hidden;--awb-bg-image:url(&#039;https:\/\/bauchbewohner.ch\/wp-content\/uploads\/2023\/10\/18-09-Vidar-Shooting-058-800x600.jpg&#039;);--awb-bg-position:center center;--awb-bg-size:cover;--awb-border-radius:6px 6px 6px 6px;--awb-width-large:40%;--awb-margin-top-large:0px;--awb-spacing-right-large:0;--awb-margin-bottom-large:0px;--awb-spacing-left-large:4.75%;--awb-width-medium:40%;--awb-order-medium:0;--awb-spacing-right-medium:0;--awb-spacing-left-medium:4.75%;--awb-width-small:16.666666666667%;--awb-order-small:0;--awb-spacing-right-small:0;--awb-margin-bottom-small:6vw;--awb-spacing-left-small:11.4%;\"><div class=\"fusion-column-wrapper fusion-column-has-shadow fusion-flex-justify-content-flex-start fusion-content-layout-column fusion-empty-column-bg-image fusion-column-has-bg-image\" data-bg-url=\"https:\/\/bauchbewohner.ch\/wp-content\/uploads\/2023\/10\/18-09-Vidar-Shooting-058-800x600.jpg\"><img decoding=\"async\" class=\"fusion-empty-dims-img-placeholder fusion-no-large-visibility fusion-no-medium-visibility\" src=\"data:image\/gif;base64,R0lGODlhAQABAAAAACH5BAEKAAEALAAAAAABAAEAAAICTAEAOw==\"><\/div><\/div><\/div><\/div><div class=\"fusion-fullwidth fullwidth-box fusion-builder-row-3 fusion-flex-container nonhundred-percent-fullwidth non-hundred-percent-height-scrolling fusion-animated\" style=\"--awb-border-color:#e8efef;--awb-border-radius-top-left:0px;--awb-border-radius-top-right:0px;--awb-border-radius-bottom-right:0px;--awb-border-radius-bottom-left:0px;--awb-padding-top:0px;--awb-padding-right:60px;--awb-padding-bottom:75px;--awb-padding-left:60px;--awb-margin-top:0px;--awb-margin-bottom:0px;--awb-flex-wrap:wrap;\" data-animationType=\"fadeInLeft\" data-animationDuration=\"1.0\" data-animationOffset=\"top-into-view\" ><div class=\"fusion-builder-row fusion-row fusion-flex-align-items-stretch fusion-flex-justify-content-center fusion-flex-content-wrap\" style=\"max-width:1365px;margin-left: calc(-5% \/ 2 );margin-right: calc(-5% \/ 2 );\"><div class=\"fusion-layout-column fusion_builder_column fusion-builder-column-4 fusion_builder_column_2_5 2_5 fusion-flex-column fusion-no-small-visibility\" style=\"--awb-overflow:hidden;--awb-bg-image:url(&#039;https:\/\/bauchbewohner.ch\/wp-content\/uploads\/2024\/03\/18-09-Vidar-023-scaled.jpg&#039;);--awb-bg-position:center center;--awb-bg-size:cover;--awb-border-radius:6px 6px 6px 6px;--awb-width-large:40%;--awb-margin-top-large:0px;--awb-spacing-right-large:4.75%;--awb-margin-bottom-large:0px;--awb-spacing-left-large:0;--awb-width-medium:40%;--awb-order-medium:0;--awb-spacing-right-medium:4.75%;--awb-spacing-left-medium:0;--awb-width-small:16.666666666667%;--awb-order-small:0;--awb-spacing-right-small:11.4%;--awb-margin-bottom-small:6vw;--awb-spacing-left-small:0;\"><div class=\"fusion-column-wrapper fusion-column-has-shadow fusion-flex-justify-content-flex-start fusion-content-layout-column fusion-empty-column-bg-image fusion-column-has-bg-image\" data-bg-url=\"https:\/\/bauchbewohner.ch\/wp-content\/uploads\/2024\/03\/18-09-Vidar-023-scaled.jpg\"><img decoding=\"async\" class=\"fusion-empty-dims-img-placeholder fusion-no-large-visibility fusion-no-medium-visibility\" src=\"data:image\/svg+xml,%3Csvg%20xmlns%3D%27http%3A%2F%2Fwww.w3.org%2F2000%2Fsvg%27%20width%3D%271707%27%20height%3D%272560%27%20viewBox%3D%270%200%201707%202560%27%3E%3Crect%20width%3D%271707%27%20height%3D%272560%27%20fill-opacity%3D%220%22%2F%3E%3C%2Fsvg%3E\"><\/div><\/div><div class=\"fusion-layout-column fusion_builder_column fusion-builder-column-5 fusion_builder_column_3_5 3_5 fusion-flex-column\" style=\"--awb-padding-top:5vh;--awb-padding-right:5vh;--awb-padding-bottom:5vh;--awb-padding-left:5vh;--awb-padding-top-medium:8vw;--awb-padding-bottom-medium:8vw;--awb-padding-top-small:7vh;--awb-padding-right-small:7vw;--awb-padding-bottom-small:7vh;--awb-padding-left-small:7vw;--awb-overflow:hidden;--awb-bg-color:var(--awb-custom_color_2);--awb-bg-color-hover:var(--awb-custom_color_2);--awb-bg-size:cover;--awb-border-radius:6px 6px 6px 6px;--awb-width-large:60%;--awb-margin-top-large:0px;--awb-spacing-right-large:0;--awb-margin-bottom-large:0px;--awb-spacing-left-large:0;--awb-width-medium:60%;--awb-order-medium:0;--awb-spacing-right-medium:0;--awb-spacing-left-medium:0;--awb-width-small:83.333333333333%;--awb-order-small:0;--awb-spacing-right-small:0;--awb-margin-bottom-small:6vw;--awb-spacing-left-small:0;\"><div class=\"fusion-column-wrapper fusion-column-has-shadow fusion-flex-justify-content-flex-start fusion-content-layout-column\"><div class=\"fusion-menu-anchor\" id=\"Stillberatung\"><\/div><div class=\"fusion-title title fusion-title-3 fusion-sep-none fusion-title-text fusion-title-size-two\" style=\"--awb-text-color:#ffffff;--awb-margin-bottom:20px;\"><h2 class=\"fusion-title-heading title-heading-left\" style=\"margin:0;\"><h2><strong>Stillberatung<\/strong><\/h2><\/h2><\/div><div class=\"fusion-text fusion-text-3\" style=\"--awb-content-alignment:left;--awb-font-size:17px;--awb-text-color:#ffffff;\"><p style=\"font-size: 20px; font-family: Dosis; font-weight: 400;\" data-fusion-font=\"true\" data-fusion-google-font=\"Dosis\" data-fusion-google-variant=\"400\">Stillberatung:<\/p>\n<p style=\"font-size: 20px; font-family: Dosis; font-weight: 400;\" data-fusion-font=\"true\" data-fusion-google-font=\"Dosis\" data-fusion-google-variant=\"400\">W\u00e4hrend der gesamten Stillzeit kann erneut Beratungsbedarf entstehen.<\/p>\n<p style=\"font-size: 20px; font-family: Dosis; font-weight: 400;\" data-fusion-font=\"true\" data-fusion-google-font=\"Dosis\" data-fusion-google-variant=\"400\"><span style=\"font-style: var(--awb-text-font-style); letter-spacing: var(--awb-letter-spacing); text-align: var(--awb-content-alignment); text-transform: var(--awb-text-transform);\">Folgende Probleme\/Fragestellungen k\u00f6nnten das z.B. sein:<\/span><\/p>\n<ul>\n<li><span style=\"font-size: 20px; font-family: Dosis; font-weight: 400;\" data-fusion-font=\"true\" data-fusion-google-font=\"Dosis\" data-fusion-google-variant=\"400\">Erneute Schmerzen beim Stillen<\/span><\/li>\n<li><span style=\"font-size: 20px; font-family: Dosis; font-weight: 400;\" data-fusion-font=\"true\" data-fusion-google-font=\"Dosis\" data-fusion-google-variant=\"400\">Brustentz\u00fcndung\/Milchstau<\/span><\/li>\n<li><span style=\"font-size: 20px; font-family: Dosis; font-weight: 400;\" data-fusion-font=\"true\" data-fusion-google-font=\"Dosis\" data-fusion-google-variant=\"400\">Abstillen<\/span><\/li>\n<li><span style=\"font-size: 20px; font-family: Dosis; font-weight: 400;\" data-fusion-font=\"true\" data-fusion-google-font=\"Dosis\" data-fusion-google-variant=\"400\">Wiedereinstieg in die Arbeit<\/span><\/li>\n<li><span style=\"font-size: 20px; font-family: Dosis; font-weight: 400;\" data-fusion-font=\"true\" data-fusion-google-font=\"Dosis\" data-fusion-google-variant=\"400\">Beikost<\/span><\/li>\n<li><span style=\"font-size: 20px; font-family: Dosis; font-weight: 400;\" data-fusion-font=\"true\" data-fusion-google-font=\"Dosis\" data-fusion-google-variant=\"400\">Beratung zur Formulaern\u00e4hrung<\/span><\/li>\n<li><span style=\"font-size: 20px; font-family: Dosis; font-weight: 400;\" data-fusion-font=\"true\" data-fusion-google-font=\"Dosis\" data-fusion-google-variant=\"400\">Schlafen und Stillen<\/span><\/li>\n<li><span style=\"font-size: 20px; font-family: Dosis; font-weight: 400;\" data-fusion-font=\"true\" data-fusion-google-font=\"Dosis\" data-fusion-google-variant=\"400\">Zahnen und Stillen<\/span><\/li>\n<li><span style=\"font-size: 20px; font-family: Dosis; font-weight: 400;\" data-fusion-font=\"true\" data-fusion-google-font=\"Dosis\" data-fusion-google-variant=\"400\">Zu wenig\/zu viel Milch<\/span><\/li>\n<li><span style=\"font-size: 20px; font-family: Dosis; font-weight: 400;\" data-fusion-font=\"true\" data-fusion-google-font=\"Dosis\" data-fusion-google-variant=\"400\">Verk\u00fcrztes Zungenband, Begleitung vor und nach Frenulotomie<\/span><\/li>\n<li><span style=\"font-size: 20px; font-family: Dosis; font-weight: 400;\" data-fusion-font=\"true\" data-fusion-google-font=\"Dosis\" data-fusion-google-variant=\"400\">Erneute Schwangerschaft<\/span><\/li>\n<li><span style=\"font-size: 20px; font-family: Dosis; font-weight: 400;\" data-fusion-font=\"true\" data-fusion-google-font=\"Dosis\" data-fusion-google-variant=\"400\">Tandemstillen<\/span><\/li>\n<\/ul>\n<p style=\"font-size: 20px; font-family: Dosis; font-weight: 400;\" data-fusion-font=\"true\" data-fusion-google-font=\"Dosis\" data-fusion-google-variant=\"400\">Die Grundversicherung \u00fcbernimmt in der Regel w\u00e4hrend der Stillzeit 3 Beratungen.<\/p>\n<\/div><\/div><\/div><\/div><\/div><\/p>\n","protected":false},"excerpt":{"rendered":"","protected":false},"author":1,"featured_media":0,"parent":0,"menu_order":0,"comment_status":"closed","ping_status":"closed","template":"100-width.php","meta":{"content-type":"","inline_featured_image":false,"footnotes":""},"_links":{"self":[{"href":"https:\/\/bauchbewohner.ch\/index.php\/wp-json\/wp\/v2\/pages\/2425"}],"collection":[{"href":"https:\/\/bauchbewohner.ch\/index.php\/wp-json\/wp\/v2\/pages"}],"about":[{"href":"https:\/\/bauchbewohner.ch\/index.php\/wp-json\/wp\/v2\/types\/page"}],"author":[{"embeddable":true,"href":"https:\/\/bauchbewohner.ch\/index.php\/wp-json\/wp\/v2\/users\/1"}],"replies":[{"embeddable":true,"href":"https:\/\/bauchbewohner.ch\/index.php\/wp-json\/wp\/v2\/comments?post=2425"}],"version-history":[{"count":57,"href":"https:\/\/bauchbewohner.ch\/index.php\/wp-json\/wp\/v2\/pages\/2425\/revisions"}],"predecessor-version":[{"id":2734,"href":"https:\/\/bauchbewohner.ch\/index.php\/wp-json\/wp\/v2\/pages\/2425\/revisions\/2734"}],"wp:attachment":[{"href":"https:\/\/bauchbewohner.ch\/index.php\/wp-json\/wp\/v2\/media?parent=2425"}],"curies":[{"name":"wp","href":"https:\/\/api.w.org\/{rel}","templated":true}]}}